{"id":1427,"date":"2022-01-24T08:36:14","date_gmt":"2022-01-24T08:36:14","guid":{"rendered":"http:\/\/www.heroassets.com\/vmweb_es\/?page_id=1427"},"modified":"2022-01-24T10:22:24","modified_gmt":"2022-01-24T10:22:24","slug":"sobre-mi","status":"publish","type":"page","link":"http:\/\/www.heroassets.com\/vmweb_es\/sobre-mi\/","title":{"rendered":"Sobre m\u00ed"},"content":{"rendered":"\n<p>Apasionado por los ordenadores y los videojuegos desde muy peque\u00f1o, encontr\u00e9 mi vocaci\u00f3n en la estanter\u00eda de la librer\u00eda de un centro comercial. <\/p>\n\n\n\n<p>Realidad virtual: Construya sus propios escenarios virtuales, todav\u00eda conservo el libro con su disquete.<\/p>\n\n\n\n<p>En el a\u00f1o 1995 se estren\u00f3 Toy Story y se lanz\u00f3 al mercado la consola PlayStation. La era de los gr\u00e1ficos tridimensionales  hab\u00eda comenzado.<\/p>\n\n\n\n<p>Toda mi formaci\u00f3n acad\u00e9mica ha girado en torno al desarrollo de contenido audiovisual generado por ordenador.<\/p>\n\n\n\n<p>Al acabar mis estudios sobre animaci\u00f3n y producci\u00f3n de cortometrajes consegu\u00ed trabajo en el estudio de animaci\u00f3n Keytoon Animation Studio, donde trabaj\u00e9 en varias series de televisi\u00f3n, cine y publicidad.<\/p>\n\n\n\n<p>Al mismo tiempo comenz\u00f3 mi carrera como docente. En el 2006 no hab\u00eda mucha gente que dominase el software y la informaci\u00f3n al respecto era escasa. <\/p>\n\n\n\n<p>Durante un periodo me dediqu\u00e9 al dise\u00f1o y visualizaci\u00f3n de productos de merchandising para Disney, Nickelodeon, Zinkia y otras firmas.<\/p>\n\n\n\n<p>Actualmente soy profesor y padre a tiempo completo.<\/p>\n\n\n\n<p>Imparto clases en Florida Universitaria. Formo parte del \u00e1rea de videojuegos, Florida Replay.<\/p>\n\n\n\n<p>Dedico las pocas horas que me quedan en trabajar en mis proyectos personales. <\/p>\n\n\n\n<p>Intento no darme prisa con mis proyectos y disfrutar del camino que recorro al hacerlos. En ellos vuelco todo mi conocimiento y experiencia.<\/p>\n\n\n\n<p>Mi \u00faltimo proyecto es un libro infantil ilustrado. No encontrar\u00e1s nada al respecto en esta web. He decidido no mostrarlo hasta que est\u00e9 acabado. Con suerte este a\u00f1o. <\/p>\n\n\n\n<p>Creo que hasta ahora es mi mejor proyecto profesional.<\/p>\n\n\n\n<p><\/p>\n","protected":false},"excerpt":{"rendered":"<p>Apasionado por los ordenadores y los videojuegos desde muy peque\u00f1o, encontr\u00e9 mi vocaci\u00f3n en la estanter\u00eda de la librer\u00eda de un centro comercial. Realidad virtual: Construya sus propios escenarios virtuales, todav\u00eda conservo el libro con su disquete. En el a\u00f1o 1995 se estren\u00f3 Toy Story y se lanz\u00f3 al mercado la consola PlayStation. La era [&hellip;]<\/p>\n","protected":false},"author":1,"featured_media":0,"parent":0,"menu_order":0,"comment_status":"closed","ping_status":"closed","template":"templates\/template-contact.php","meta":{"footnotes":""},"class_list":["post-1427","page","type-page","status-publish","hentry"],"_links":{"self":[{"href":"http:\/\/www.heroassets.com\/vmweb_es\/wp-json\/wp\/v2\/pages\/1427","targetHints":{"allow":["GET"]}}],"collection":[{"href":"http:\/\/www.heroassets.com\/vmweb_es\/wp-json\/wp\/v2\/pages"}],"about":[{"href":"http:\/\/www.heroassets.com\/vmweb_es\/wp-json\/wp\/v2\/types\/page"}],"author":[{"embeddable":true,"href":"http:\/\/www.heroassets.com\/vmweb_es\/wp-json\/wp\/v2\/users\/1"}],"replies":[{"embeddable":true,"href":"http:\/\/www.heroassets.com\/vmweb_es\/wp-json\/wp\/v2\/comments?post=1427"}],"version-history":[{"count":9,"href":"http:\/\/www.heroassets.com\/vmweb_es\/wp-json\/wp\/v2\/pages\/1427\/revisions"}],"predecessor-version":[{"id":1441,"href":"http:\/\/www.heroassets.com\/vmweb_es\/wp-json\/wp\/v2\/pages\/1427\/revisions\/1441"}],"wp:attachment":[{"href":"http:\/\/www.heroassets.com\/vmweb_es\/wp-json\/wp\/v2\/media?parent=1427"}],"curies":[{"name":"wp","href":"https:\/\/api.w.org\/{rel}","templated":true}]}}